{"id":2,"date":"2016-05-10T03:48:21","date_gmt":"2016-05-10T03:48:21","guid":{"rendered":"http:\/\/spacepraxis.org\/?page_id=2"},"modified":"2021-09-17T13:42:02","modified_gmt":"2021-09-17T13:42:02","slug":"sample-page","status":"publish","type":"page","link":"https:\/\/spacepraxis.org\/","title":{"rendered":"Home"},"content":{"rendered":"\t\t<div data-elementor-type=\"wp-page\" data-elementor-id=\"2\" class=\"elementor elementor-2\" data-elementor-settings=\"[]\">\n\t\t\t\t\t\t<div class=\"elementor-inner\">\n\t\t\t\t\t\t\t<div class=\"elementor-section-wrap\">\n\t\t\t\t\t\t\t<section class=\"elementor-section elementor-top-section elementor-element elementor-element-3d1069f1 elementor-section-full_width elementor-section-height-full elementor-section-height-default elementor-section-items-middle\" data-id=\"3d1069f1\" data-element_type=\"section\" data-settings=\"{&quot;background_background&quot;:&quot;classic&quot;}\">\n\t\t\t\t\t\t<div class=\"elementor-container elementor-column-gap-default\">\n\t\t\t\t\t\t\t<div class=\"elementor-row\">\n\t\t\t\t\t<div class=\"elementor-column elementor-col-100 elementor-top-column elementor-element elementor-element-1fa538ae\" data-id=\"1fa538ae\" data-element_type=\"column\">\n\t\t\t<div class=\"elementor-column-wrap elementor-element-populated\">\n\t\t\t\t\t\t\t<div class=\"elementor-widget-wrap\">\n\t\t\t\t\t\t<div class=\"elementor-element elementor-element-7c3179a4 elementor-widget elementor-widget-heading\" data-id=\"7c3179a4\" data-element_type=\"widget\" data-widget_type=\"heading.default\">\n\t\t\t\t<div class=\"elementor-widget-container\">\n\t\t\t<h2 class=\"elementor-heading-title elementor-size-default\">spacepraxis<\/h2>\t\t<\/div>\n\t\t\t\t<\/div>\n\t\t\t\t<div class=\"elementor-element elementor-element-66b98133 elementor-widget elementor-widget-heading\" data-id=\"66b98133\" data-element_type=\"widget\" data-widget_type=\"heading.default\">\n\t\t\t\t<div class=\"elementor-widget-container\">\n\t\t\t<h2 class=\"elementor-heading-title elementor-size-default\">stadt behandeln<\/h2>\t\t<\/div>\n\t\t\t\t<\/div>\n\t\t\t\t\t\t<\/div>\n\t\t\t\t\t<\/div>\n\t\t<\/div>\n\t\t\t\t\t\t\t\t<\/div>\n\t\t\t\t\t<\/div>\n\t\t<\/section>\n\t\t\t\t<section class=\"elementor-section elementor-top-section elementor-element elementor-element-58022fd elementor-section-full_width elementor-section-height-default elementor-section-height-default elementor-invisible\" data-id=\"58022fd\" data-element_type=\"section\" data-settings=\"{&quot;animation&quot;:&quot;none&quot;}\">\n\t\t\t\t\t\t<div class=\"elementor-container elementor-column-gap-default\">\n\t\t\t\t\t\t\t<div class=\"elementor-row\">\n\t\t\t\t\t<div class=\"elementor-column elementor-col-33 elementor-top-column elementor-element elementor-element-29c7b21\" data-id=\"29c7b21\" data-element_type=\"column\" data-settings=\"{&quot;background_background&quot;:&quot;classic&quot;}\">\n\t\t\t<div class=\"elementor-column-wrap\">\n\t\t\t\t\t\t\t<div class=\"elementor-widget-wrap\">\n\t\t\t\t\t\t\t\t<\/div>\n\t\t\t\t\t<\/div>\n\t\t<\/div>\n\t\t\t\t<div class=\"elementor-column elementor-col-33 elementor-top-column elementor-element elementor-element-2af94ae\" data-id=\"2af94ae\" data-element_type=\"column\">\n\t\t\t<div class=\"elementor-column-wrap elementor-element-populated\">\n\t\t\t\t\t\t\t<div class=\"elementor-widget-wrap\">\n\t\t\t\t\t\t<div class=\"elementor-element elementor-element-b82a695 elementor-widget elementor-widget-text-editor\" data-id=\"b82a695\" data-element_type=\"widget\" data-widget_type=\"text-editor.default\">\n\t\t\t\t<div class=\"elementor-widget-container\">\n\t\t\t\t\t<div class=\"elementor-text-editor elementor-clearfix\"><p style=\"text-align: left; padding-left: 40px;\"><strong>Das \u201ePartiMobil\u201c<\/strong><\/p><p>Blaulicht flackert durch die Nacht.<br \/>Das Heulen der Sirenen hallt schrill.<br \/>Nicht, dass ich euch beunruhigen will,<br \/>doch nur gemeinsam sind wir die gr\u00f6\u00dfere Macht.<\/p><p>Werden wir uns des Problems mal gewahr:<br \/>Zwar ist hier keiner in ernster Gefahr,<br \/>nicht wirklich geht es um Leben und Tod.<br \/>Doch ist die Stadtgesellschaft in Not.<\/p><p style=\"padding-left: 40px;\"><strong>Es geht um das Leben, von denen, <\/strong><br \/><strong>die t\u00e4glich der Stadt das Leben geben.<\/strong><\/p><p>Die Stadt hat weit klaffende Wunden,<br \/>Sie ist von Investoren Projekten geschunden.<br \/>Grundst\u00fccke, Brachen sie werden verkauft,<br \/>Sich dann erst danach in Gr\u00e4me die Haare gerauft.<\/p><p>Doch jetzt kommt endlich etwas ins Rollen<br \/>und ich glaube, dass wir ihm folgen sollen.<br \/>Ein Gef\u00e4hrt mit symbolischer Kraft,<br \/>das auf die Probleme aufmerksam macht.<\/p><p>Es f\u00e4hrt von einem zum anderen Ort.<br \/>Jedes mal ein neues Ziel.<br \/>Ich beschreibe es jetzt mit einem einzigen Wort:<br \/>Es ist das Partizipationsmobil.<\/p><p style=\"padding-left: 40px;\"><strong>Braucht ein leeres Geb\u00e4ude dringend Aufmerksamkeit,<\/strong><br \/><strong>steht das Mobil wie ein Verbandskasten bereit.<\/strong><\/p><p>Niederschwellig und ohne viel Glanz,<br \/>steht es vor Grundst\u00fccken von Relevanz.<br \/>Jene, mit viel Potential f\u00fcrs ganze Geviert.<br \/>Mit der Hoffnung dass es jetzt besser wird.<\/p><p>Hier wird verbunden, verkn\u00fcpft, vereint und vernetzt.<br \/>Hier wird gesammelt was jeder und jede hasst oder sch\u00e4tzt,<br \/>was jedes Kind sich sehnlichst w\u00fcnscht oder bitter vermisst<br \/>bevor man erneut beim Planen die Meinung der Menschen vergisst.<\/p><p>Die Kl\u00fcfte sind gro\u00df zwischen Stadt und Gesellschaft.<br \/>Wir m\u00fcssen handeln bevor die Verwaltung ihr Urteil gef\u00e4llt hat.<br \/>St\u00fcrzen wir uns ins verbale Gefecht.<br \/>Und erstreiten uns das Mitspracherecht.<\/p><p>Wir fordern Gespr\u00e4che und noch mehr Diskussion.<br \/>Erst dann verstehen auch wir die Gegenposition.<br \/>Lieber starten zu streiten, als zerstritten zu bleiben.<br \/>Wir k\u00f6nnen der Stadt uns als m\u00fcndige B\u00fcrger zeigen.<\/p><p style=\"padding-left: 40px;\"><strong>Das Mobil bringt alle zusammen und bietet den Raum,<\/strong><br \/><strong>um nach den Bed\u00fcrfnissen aller zu schau\u2019n.<\/strong><\/p><p>Zu ist die Wunde, sie ist verheilt.<br \/>Viele Stunden haben wir dort verweilt.<br \/>Haben uns gek\u00fcmmert und viel gepflegt.<br \/>Hip Hip Hurra, die Stadt, sie lebt.<\/p><\/div>\n\t\t\t\t<\/div>\n\t\t\t\t<\/div>\n\t\t\t\t\t\t<\/div>\n\t\t\t\t\t<\/div>\n\t\t<\/div>\n\t\t\t\t<div class=\"elementor-column elementor-col-33 elementor-top-column elementor-element elementor-element-c7f276c\" data-id=\"c7f276c\" data-element_type=\"column\" data-settings=\"{&quot;background_background&quot;:&quot;classic&quot;}\">\n\t\t\t<div class=\"elementor-column-wrap elementor-element-populated\">\n\t\t\t\t\t\t\t<div class=\"elementor-widget-wrap\">\n\t\t\t\t\t\t<section class=\"elementor-section elementor-inner-section elementor-element elementor-element-0192d64 elementor-section-boxed elementor-section-height-default elementor-section-height-default\" data-id=\"0192d64\" data-element_type=\"section\">\n\t\t\t\t\t\t<div class=\"elementor-container elementor-column-gap-default\">\n\t\t\t\t\t\t\t<div class=\"elementor-row\">\n\t\t\t\t\t<div class=\"elementor-column elementor-col-50 elementor-inner-column elementor-element elementor-element-15081ca\" data-id=\"15081ca\" data-element_type=\"column\">\n\t\t\t<div class=\"elementor-column-wrap elementor-element-populated\">\n\t\t\t\t\t\t\t<div class=\"elementor-widget-wrap\">\n\t\t\t\t\t\t<div class=\"elementor-element elementor-element-46d8e45 elementor-widget elementor-widget-image\" data-id=\"46d8e45\" data-element_type=\"widget\" data-widget_type=\"image.default\">\n\t\t\t\t<div class=\"elementor-widget-container\">\n\t\t\t\t\t<div class=\"elementor-image\">\n\t\t\t\t\t\t\t\t\t\t\t<a href=\"https:\/\/spacepraxis.org\/?page_id=144\">\n\t\t\t\t\t\t\t<img width=\"2500\" height=\"1793\" src=\"https:\/\/spacepraxis.org\/wp-content\/uploads\/2020\/12\/Who-we-are_mat-kleiner-Ausschnitt_gif.gif\" class=\"attachment-full size-full\" alt=\"\" loading=\"lazy\" \/>\t\t\t\t\t\t\t\t<\/a>\n\t\t\t\t\t\t\t\t\t\t\t<\/div>\n\t\t\t\t<\/div>\n\t\t\t\t<\/div>\n\t\t\t\t\t\t<\/div>\n\t\t\t\t\t<\/div>\n\t\t<\/div>\n\t\t\t\t<div class=\"elementor-column elementor-col-50 elementor-inner-column elementor-element elementor-element-3e0dddf\" data-id=\"3e0dddf\" data-element_type=\"column\">\n\t\t\t<div class=\"elementor-column-wrap\">\n\t\t\t\t\t\t\t<div class=\"elementor-widget-wrap\">\n\t\t\t\t\t\t\t\t<\/div>\n\t\t\t\t\t<\/div>\n\t\t<\/div>\n\t\t\t\t\t\t\t\t<\/div>\n\t\t\t\t\t<\/div>\n\t\t<\/section>\n\t\t\t\t<div class=\"elementor-element elementor-element-5c8778a elementor-widget elementor-widget-heading\" data-id=\"5c8778a\" data-element_type=\"widget\" data-widget_type=\"heading.default\">\n\t\t\t\t<div class=\"elementor-widget-container\">\n\t\t\t<h2 class=\"elementor-heading-title elementor-size-default\">aktuelles<\/h2>\t\t<\/div>\n\t\t\t\t<\/div>\n\t\t\t\t<section class=\"elementor-section elementor-inner-section elementor-element elementor-element-7ade4b4 elementor-section-boxed elementor-section-height-default elementor-section-height-default\" data-id=\"7ade4b4\" data-element_type=\"section\">\n\t\t\t\t\t\t<div class=\"elementor-container elementor-column-gap-default\">\n\t\t\t\t\t\t\t<div class=\"elementor-row\">\n\t\t\t\t\t<div class=\"elementor-column elementor-col-50 elementor-inner-column elementor-element elementor-element-67da9e0\" data-id=\"67da9e0\" data-element_type=\"column\">\n\t\t\t<div class=\"elementor-column-wrap elementor-element-populated\">\n\t\t\t\t\t\t\t<div class=\"elementor-widget-wrap\">\n\t\t\t\t\t\t<div class=\"elementor-element elementor-element-93c736d elementor-widget elementor-widget-text-editor\" data-id=\"93c736d\" data-element_type=\"widget\" data-widget_type=\"text-editor.default\">\n\t\t\t\t<div class=\"elementor-widget-container\">\n\t\t\t\t\t<div class=\"elementor-text-editor elementor-clearfix\"><p>Mobilit\u00e4tswoche Stuttgart 2021<br><\/p><\/div>\n\t\t\t\t<\/div>\n\t\t\t\t<\/div>\n\t\t\t\t<div class=\"elementor-element elementor-element-87acf11 elementor-widget elementor-widget-text-editor\" data-id=\"87acf11\" data-element_type=\"widget\" data-widget_type=\"text-editor.default\">\n\t\t\t\t<div class=\"elementor-widget-container\">\n\t\t\t\t\t<div class=\"elementor-text-editor elementor-clearfix\"><p style=\"text-align: left;\">Unter dem Titel <br \/><strong>&#8222;Experimentieren f\u00fcr den Wandel. Future City Lab_Universit\u00e4t Stuttgart \u2013 Reallabor f\u00fcr nachhaltige Mobilit\u00e4tskultur&#8220;<\/strong> <br \/>wird im Rahmen der Stuttgarter Mobilit\u00e4tswoche 2021 eine Ausstellung gezeigt, die sich diesem Projekt widmet.<\/p><p style=\"text-align: left;\">Die Idee eines \u201e<em>Reallabors f\u00fcr nachhaltige Mobilit\u00e4tskultur<\/em>\u201c in Stuttgart gewann seit 2015 durch die Landesf\u00f6rderung an Gestalt. In einem der ersten, damals neuartigen, Forschungsprojekte im Land Baden-W\u00fcrttemberg machten sich Wissenschaft, Verwaltung, Unternehmen und die B\u00fcrgerschaft gemeinsam auf den Weg, eine Mobilit\u00e4tskultur zu entwickeln, die nicht nur Ressourcen schont, sondern auch Gesundheit und k\u00f6rperliche Bewegung unterst\u00fctzt, sozialen Austausch f\u00f6rdert und neue Lebens- und Aufenthaltsqualit\u00e4ten in der Stadt schafft.<\/p><p style=\"text-align: left;\">Das Reallabor hat als experimentelle Zukunftswerkstatt und kooperative Plattform den Austausch zwischen Wissenschaft und Zivilgesellschaft, Wirtschaft und Politik in Stuttgart und der Region vorangetrieben.<br \/>Der Fokus der Ausstellung richtet sich auf die Realexperimente \u2013 das Kernst\u00fcck des Reallabors. Gemeinsam mit den zivilgesellschaftlichen Pionieren des Wandels wurden sie in der realen Welt \u2013 im \u201e<em>Labor Stadt<\/em>\u201c \u2013 durchgef\u00fchrt. Die Ausstellung wirft Schlaglichter auf ihre Entstehung und Umsetzung w\u00e4hrend der f\u00fcnfj\u00e4hrigen Projektlaufzeit, aber auch auf die Zeit danach. <br \/>Wo stehen die Initiativen heute? Und was bedeutet f\u00fcr sie DAS REALLABOR?<\/p><p><strong>Ort&amp;Zeit<\/strong><br \/>M\u00fcZe S\u00fcd\/LABOR S\u00dcD<br \/>B\u00f6blingerstra\u00dfe 44<br \/>70199 Stuttgart<\/p><p>Mo-Sa 17.00 &#8211; 19.00 Uhr<br \/>Ein Teil der Ausstellung wird im Schaufenster gezeigt und kann zu jeder Zeit besichtigt werden.<\/p><p><strong>Veranstalter und Kooperation<\/strong><br \/>M\u00fcZe S\u00fcd\/LABOR S\u00dcD in Kooperation mit spacepraxis, Wanderbaumallee Stuttgart, Educatio Digitale Lernsysteme GmbH mit Dreiv. Digital lernen. Optimal fahren., Velorista \u2013 bewegt Momente und mit dem Internationalen Zentrum f\u00fcr Kultur\u2010 und Technikforschung (IZKT) | Universit\u00e4t Stuttgart, unterst\u00fcrzt von Stuttgarter Change Labs | Universit\u00e4t Stuttgart<\/p><\/div>\n\t\t\t\t<\/div>\n\t\t\t\t<\/div>\n\t\t\t\t\t\t<\/div>\n\t\t\t\t\t<\/div>\n\t\t<\/div>\n\t\t\t\t<div class=\"elementor-column elementor-col-50 elementor-inner-column elementor-element elementor-element-8ddb9bf\" data-id=\"8ddb9bf\" data-element_type=\"column\">\n\t\t\t<div class=\"elementor-column-wrap elementor-element-populated\">\n\t\t\t\t\t\t\t<div class=\"elementor-widget-wrap\">\n\t\t\t\t\t\t<div class=\"elementor-element elementor-element-e1bbe83 elementor-widget elementor-widget-image\" data-id=\"e1bbe83\" data-element_type=\"widget\" data-widget_type=\"image.default\">\n\t\t\t\t<div class=\"elementor-widget-container\">\n\t\t\t\t\t<div class=\"elementor-image\">\n\t\t\t\t\t\t\t\t\t\t<img width=\"1024\" height=\"729\" src=\"https:\/\/spacepraxis.org\/wp-content\/uploads\/2021\/09\/signal-2021-09-17-115920_001-1024x729.jpeg\" class=\"attachment-large size-large\" alt=\"\" loading=\"lazy\" srcset=\"https:\/\/spacepraxis.org\/wp-content\/uploads\/2021\/09\/signal-2021-09-17-115920_001-1024x729.jpeg 1024w, https:\/\/spacepraxis.org\/wp-content\/uploads\/2021\/09\/signal-2021-09-17-115920_001-300x214.jpeg 300w, https:\/\/spacepraxis.org\/wp-content\/uploads\/2021\/09\/signal-2021-09-17-115920_001-768x547.jpeg 768w, https:\/\/spacepraxis.org\/wp-content\/uploads\/2021\/09\/signal-2021-09-17-115920_001-1536x1093.jpeg 1536w, https:\/\/spacepraxis.org\/wp-content\/uploads\/2021\/09\/signal-2021-09-17-115920_001.jpeg 1600w\" sizes=\"(max-width: 1024px) 100vw, 1024px\" \/>\t\t\t\t\t\t\t\t\t\t\t<\/div>\n\t\t\t\t<\/div>\n\t\t\t\t<\/div>\n\t\t\t\t<div class=\"elementor-element elementor-element-8910d51 elementor-widget elementor-widget-image\" data-id=\"8910d51\" data-element_type=\"widget\" data-widget_type=\"image.default\">\n\t\t\t\t<div class=\"elementor-widget-container\">\n\t\t\t\t\t<div class=\"elementor-image\">\n\t\t\t\t\t\t\t\t\t\t<img width=\"1024\" height=\"728\" src=\"https:\/\/spacepraxis.org\/wp-content\/uploads\/2021\/09\/signal-2021-09-17-115920_002-1024x728.jpeg\" class=\"attachment-large size-large\" alt=\"\" loading=\"lazy\" srcset=\"https:\/\/spacepraxis.org\/wp-content\/uploads\/2021\/09\/signal-2021-09-17-115920_002-1024x728.jpeg 1024w, https:\/\/spacepraxis.org\/wp-content\/uploads\/2021\/09\/signal-2021-09-17-115920_002-300x213.jpeg 300w, https:\/\/spacepraxis.org\/wp-content\/uploads\/2021\/09\/signal-2021-09-17-115920_002-768x546.jpeg 768w, https:\/\/spacepraxis.org\/wp-content\/uploads\/2021\/09\/signal-2021-09-17-115920_002-1536x1092.jpeg 1536w, https:\/\/spacepraxis.org\/wp-content\/uploads\/2021\/09\/signal-2021-09-17-115920_002.jpeg 1600w\" sizes=\"(max-width: 1024px) 100vw, 1024px\" \/>\t\t\t\t\t\t\t\t\t\t\t<\/div>\n\t\t\t\t<\/div>\n\t\t\t\t<\/div>\n\t\t\t\t\t\t<\/div>\n\t\t\t\t\t<\/div>\n\t\t<\/div>\n\t\t\t\t\t\t\t\t<\/div>\n\t\t\t\t\t<\/div>\n\t\t<\/section>\n\t\t\t\t<section class=\"elementor-section elementor-inner-section elementor-element elementor-element-698299d elementor-section-boxed elementor-section-height-default elementor-section-height-default\" data-id=\"698299d\" data-element_type=\"section\">\n\t\t\t\t\t\t<div class=\"elementor-container elementor-column-gap-default\">\n\t\t\t\t\t\t\t<div class=\"elementor-row\">\n\t\t\t\t\t<div class=\"elementor-column elementor-col-50 elementor-inner-column elementor-element elementor-element-5c98ed5\" data-id=\"5c98ed5\" data-element_type=\"column\">\n\t\t\t<div class=\"elementor-column-wrap\">\n\t\t\t\t\t\t\t<div class=\"elementor-widget-wrap\">\n\t\t\t\t\t\t\t\t<\/div>\n\t\t\t\t\t<\/div>\n\t\t<\/div>\n\t\t\t\t<div class=\"elementor-column elementor-col-50 elementor-inner-column elementor-element elementor-element-0a67ca3\" data-id=\"0a67ca3\" data-element_type=\"column\">\n\t\t\t<div class=\"elementor-column-wrap\">\n\t\t\t\t\t\t\t<div class=\"elementor-widget-wrap\">\n\t\t\t\t\t\t\t\t<\/div>\n\t\t\t\t\t<\/div>\n\t\t<\/div>\n\t\t\t\t\t\t\t\t<\/div>\n\t\t\t\t\t<\/div>\n\t\t<\/section>\n\t\t\t\t\t\t<\/div>\n\t\t\t\t\t<\/div>\n\t\t<\/div>\n\t\t\t\t\t\t\t\t<\/div>\n\t\t\t\t\t<\/div>\n\t\t<\/section>\n\t\t\t\t\t\t<\/div>\n\t\t\t\t\t\t<\/div>\n\t\t\t\t\t<\/div>\n\t\t","protected":false},"excerpt":{"rendered":"<p>spacepraxis stadt behandeln Das \u201ePartiMobil\u201c Blaulicht flackert durch die Nacht.Das Heulen der Sirenen hallt schrill.Nicht, dass ich euch beunruhigen will,doch nur gemeinsam sind wir die gr\u00f6\u00dfere Macht. Werden wir uns des Problems mal gewahr:Zwar ist hier keiner in ernster Gefahr,nicht wirklich geht es um Leben und Tod.Doch ist die Stadtgesellschaft in Not. Es geht um [&hellip;]<\/p>\n","protected":false},"author":1,"featured_media":0,"parent":0,"menu_order":0,"comment_status":"closed","ping_status":"open","template":"elementor_header_footer","meta":[],"_links":{"self":[{"href":"https:\/\/spacepraxis.org\/index.php?rest_route=\/wp\/v2\/pages\/2"}],"collection":[{"href":"https:\/\/spacepraxis.org\/index.php?rest_route=\/wp\/v2\/pages"}],"about":[{"href":"https:\/\/spacepraxis.org\/index.php?rest_route=\/wp\/v2\/types\/page"}],"author":[{"embeddable":true,"href":"https:\/\/spacepraxis.org\/index.php?rest_route=\/wp\/v2\/users\/1"}],"replies":[{"embeddable":true,"href":"https:\/\/spacepraxis.org\/index.php?rest_route=%2Fwp%2Fv2%2Fcomments&post=2"}],"version-history":[{"count":160,"href":"https:\/\/spacepraxis.org\/index.php?rest_route=\/wp\/v2\/pages\/2\/revisions"}],"predecessor-version":[{"id":344,"href":"https:\/\/spacepraxis.org\/index.php?rest_route=\/wp\/v2\/pages\/2\/revisions\/344"}],"wp:attachment":[{"href":"https:\/\/spacepraxis.org\/index.php?rest_route=%2Fwp%2Fv2%2Fmedia&parent=2"}],"curies":[{"name":"wp","href":"https:\/\/api.w.org\/{rel}","templated":true}]}}